{"id":22,"date":"2025-01-21T09:49:47","date_gmt":"2025-01-21T08:49:47","guid":{"rendered":"https:\/\/maxd57.sg-host.com\/?page_id=22"},"modified":"2025-02-27T11:45:42","modified_gmt":"2025-02-27T11:45:42","slug":"impressum","status":"publish","type":"page","link":"https:\/\/kanzlei-sge.de\/index.php\/impressum\/","title":{"rendered":"Impressum"},"content":{"rendered":"<p>[et_pb_section fb_built=&#8220;1&#8243; _builder_version=&#8220;4.27.4&#8243; _module_preset=&#8220;default&#8220; background_color=&#8220;gcid-primary-color&#8220; overflow-x=&#8220;hidden&#8220; locked=&#8220;off&#8220; global_colors_info=&#8220;{%22gcid-primary-color%22:%91%22background_color%22%93}&#8220;][et_pb_row _builder_version=&#8220;4.27.4&#8243; _module_preset=&#8220;default&#8220; global_colors_info=&#8220;{}&#8220;][et_pb_column type=&#8220;4_4&#8243; _builder_version=&#8220;4.27.4&#8243; _module_preset=&#8220;default&#8220; global_colors_info=&#8220;{}&#8220;][et_pb_text _builder_version=&#8220;4.27.4&#8243; _module_preset=&#8220;default&#8220; header_2_font=&#8220;TiroBangla_Lokal|||on|||||&#8220; header_2_text_color=&#8220;gcid-2fb42a7c-205b-4faa-b28c-a30c310b4cda&#8220; header_2_font_size=&#8220;3.2rem&#8220; custom_margin=&#8220;||7px|||&#8220; animation_style=&#8220;slide&#8220; animation_direction=&#8220;left&#8220; animation_intensity_slide=&#8220;33%&#8220; animation_speed_curve=&#8220;ease-out&#8220; locked=&#8220;off&#8220; global_colors_info=&#8220;{%22gcid-2fb42a7c-205b-4faa-b28c-a30c310b4cda%22:%91%22border_color_bottom%22,%22header_2_text_color%22%93}&#8220;]<\/p>\n<h2>Impressum<\/h2>\n<p>[\/et_pb_text][et_pb_text _builder_version=&#8220;4.27.4&#8243; _module_preset=&#8220;default&#8220; text_font=&#8220;Inter_Lokal||||||||&#8220; text_text_color=&#8220;gcid-2fb42a7c-205b-4faa-b28c-a30c310b4cda&#8220; text_font_size=&#8220;20px&#8220; text_line_height=&#8220;28px&#8220; module_alignment=&#8220;center&#8220; custom_margin=&#8220;0rem||0rem||true|false&#8220; animation_style=&#8220;slide&#8220; animation_direction=&#8220;left&#8220; animation_intensity_slide=&#8220;33%&#8220; animation_speed_curve=&#8220;ease-out&#8220; locked=&#8220;off&#8220; global_colors_info=&#8220;{%22gcid-2fb42a7c-205b-4faa-b28c-a30c310b4cda%22:%91%22border_color_bottom%22,%22header_2_text_color%22,%22text_text_color%22%93}&#8220;]<\/p>\n<p><em>Aktualisiert: 20. Februar 2025<\/em><\/p>\n<p>[\/et_pb_text][\/et_pb_column][\/et_pb_row][et_pb_row _builder_version=&#8220;4.27.4&#8243; _module_preset=&#8220;default&#8220; global_colors_info=&#8220;{}&#8220;][et_pb_column type=&#8220;4_4&#8243; _builder_version=&#8220;4.27.4&#8243; _module_preset=&#8220;default&#8220; global_colors_info=&#8220;{}&#8220;][et_pb_text _builder_version=&#8220;4.27.4&#8243; _module_preset=&#8220;default&#8220; text_font=&#8220;Inter_Lokal||||||||&#8220; text_text_color=&#8220;gcid-2fb42a7c-205b-4faa-b28c-a30c310b4cda&#8220; text_font_size=&#8220;20px&#8220; text_line_height=&#8220;28px&#8220; link_font=&#8220;||||on||||dotted&#8220; link_text_color=&#8220;gcid-2fb42a7c-205b-4faa-b28c-a30c310b4cda&#8220; module_alignment=&#8220;center&#8220; hover_enabled=&#8220;0&#8243; global_colors_info=&#8220;{%22gcid-2fb42a7c-205b-4faa-b28c-a30c310b4cda%22:%91%22text_text_color%22,%22link_text_color%22%93}&#8220; sticky_enabled=&#8220;0&#8243;]<\/p>\n<p><strong>Angaben nach dem Telemediengesetz<\/strong><\/p>\n<p><strong>Verantwortlich:<\/strong><\/p>\n<p>Stephan Gemmer, Notar &amp; Rechtsanwalt<\/p>\n<p><strong>Adresse und Telekommunikationsdaten<br \/><\/strong>Hansaallee 154, D-60320 Frankfurt am Main<\/p>\n<p>Telefon: <a href=\"tel:00496956005530\">+49 69 5600 5530<\/a><br \/>Telefax: +49 69 5600 55323<br \/>E-Mail: <a href=\"mailto:mail@kanzlei-sge.de\">mail@kanzlei-sge.de<\/a><\/p>\n<p><strong>Umsatzsteuer-ID<br \/><\/strong>DE343820896<\/p>\n<p><strong>Berufsbezeichnung<br \/><\/strong>Stephan Gemmer, Notar &amp; Rechtsanwalt<\/p>\n<p><strong>Zulassung und zust\u00e4ndige Kammer<br \/><\/strong>Ich bin in der Bundesrepublik Deutschland als Rechtsanwalt zugelassen und geh\u00f6re der Rechtsanwaltskammer Frankfurt am Main, Bockenheimer Anlage 36, D-60322 Frankfurt am Main an.<\/p>\n<p>Ich bin als Notar nach dem Recht der Bundesrepublik Deutschland bestellt worden und geh\u00f6re der Notarkammer Frankfurt am Main, Bockenheimer Anlage 36, D-60322 Frankfurt am Main, Tel.: 069 17009802, Fax: 069 17009825, an.<\/p>\n<p>Die gesetzliche Berufsbezeichnung lautet \u201eNotar\u201c und wurde in der Bundesrepublik Deutschland verliehen.<\/p>\n<p>Aufsichtsbeh\u00f6rde der Notare ist der Pr\u00e4sident des Landgericht Frankfurt am Main erreichbar unter folgender Anschrift:<\/p>\n<p>Landgericht Frankfurt am Main &#8211; Der Pr\u00e4sident &#8211; Gerichtsstra\u00dfe 2, D-60313 Frankfurt am Main, Deutschland<\/p>\n<p>Weitere Aufsichtsbeh\u00f6rden sind der Pr\u00e4sident des Oberlandesgerichts Frankfurt am Main und die Landesjustizverwaltung.<\/p>\n<p>Es gelten folgende berufsrechtliche Regelungen:<br \/>Anwaltliches Standesrecht sowie f\u00fcr den Notar das notarielle Standesrecht.<\/p>\n<p>Rechtsanwalt:<br \/>BRAO \u00a0\u00a0\u00a0\u00a0\u00a0\u00a0\u00a0\u00a0\u00a0\u00a0\u00a0 Bundesrechtsanwaltsordnung<br \/>BORA \u00a0\u00a0\u00a0\u00a0\u00a0\u00a0\u00a0\u00a0\u00a0\u00a0\u00a0 Berufsordnung f\u00fcr Rechtsanw\u00e4lte<br \/>FAO \u00a0\u00a0\u00a0\u00a0\u00a0\u00a0\u00a0\u00a0\u00a0\u00a0\u00a0\u00a0\u00a0\u00a0 Fachanwaltsordnung<br \/>RVG \u00a0\u00a0\u00a0\u00a0\u00a0\u00a0\u00a0\u00a0\u00a0\u00a0\u00a0\u00a0\u00a0 Rechtsanwaltsverg\u00fctungsgesetz<br \/>CCBE \u00a0\u00a0\u00a0\u00a0\u00a0\u00a0\u00a0\u00a0\u00a0\u00a0\u00a0 Berufsregeln der Rechtsanw\u00e4lte der Europ\u00e4ischen Union<\/p>\n<p>Notar:<br \/>BNotO \u00a0\u00a0\u00a0\u00a0\u00a0\u00a0\u00a0\u00a0\u00a0\u00a0 Bundesnotarordnung<br \/>DONot \u00a0\u00a0\u00a0\u00a0\u00a0\u00a0\u00a0\u00a0\u00a0\u00a0 Dienstordnung f\u00fcr Notarinnen und Notare<br \/>Richtlinien der Notarkammer Frankfurt am Main<br \/>BeurkG \u00a0\u00a0\u00a0\u00a0\u00a0\u00a0\u00a0\u00a0\u00a0 Beurkundungsgesetz<br \/>Europ\u00e4ischer Kodex des notariellen Standesrechts<br \/>GNotkG \u00a0\u00a0\u00a0\u00a0\u00a0\u00a0\u00a0\u00a0 Gerichts- und Notarkostenrecht.<\/p>\n<p>Regelungen einsehbar unter:<\/p>\n<p>Rechtsanwalt\u00a0 <a href=\"http:\/\/www.brak.de\/seiten\/06.php\">http:\/\/www.brak.de\/seiten\/06.php<\/a><\/p>\n<p>Notar <a href=\"https:\/\/www.notar.de\/der-notar\/berufsrecht\">https:\/\/www.notar.de\/der-notar\/berufsrecht<\/a><\/p>\n<p>Weiter sind die Regeln zum Berufsrecht der Rechtsanw\u00e4lte \u00fcber die Rechtsanwaltskammer Frankfurt am Main und die Regeln zum Berufsrecht f\u00fcr die Notare \u00fcber die Notarkammer Frankfurt am Main zug\u00e4nglich.<\/p>\n<p><strong>Berufshaftpflichtversicherung:<br \/><\/strong>Signal Iduna Gruppe, Joseph-Scherer-Stra\u00dfe 3, D-44139 Dortmund<\/p>\n<p><strong>Haftungsausschluss<br \/><\/strong>Die Angaben auf dieser Website dienen nur der Information der Nutzung. Es wird keine Gew\u00e4hr f\u00fcr die Richtigkeit, Vollst\u00e4ndigkeit und Aktualit\u00e4t der auf der Website enthaltenen Informationen \u00fcbernommen. Es wird keine Haftung f\u00fcr verlinkte Seiten \u00fcbernommen.<\/p>\n<p>&nbsp;<\/p>\n<p>[\/et_pb_text][\/et_pb_column][\/et_pb_row][\/et_pb_section]<\/p>\n","protected":false},"excerpt":{"rendered":"<p>ImpressumAktualisiert: 20. Februar 2025Angaben nach dem Telemediengesetz Verantwortlich: Stephan Gemmer, Notar &amp; Rechtsanwalt Adresse und TelekommunikationsdatenHansaallee 154, D-60320 Frankfurt am Main Telefon: +49 69 5600 5530Telefax: +49 69 5600 55323E-Mail: mail@kanzlei-sge.de Umsatzsteuer-IDDE343820896 BerufsbezeichnungStephan Gemmer, Notar &amp; Rechtsanwalt Zulassung und zust\u00e4ndige KammerIch bin in der Bundesrepublik Deutschland als Rechtsanwalt zugelassen und geh\u00f6re der Rechtsanwaltskammer Frankfurt am Main, Bockenheimer Anlage 36, D-60322 Frankfurt am Main an. Ich bin als Notar nach dem Recht der Bundesrepublik Deutschland bestellt worden und geh\u00f6re der Notarkammer Frankfurt am Main, Bockenheimer Anlage 36, D-60322 Frankfurt am Main, Tel.: 069 17009802, Fax: 069 17009825, an. Die gesetzliche Berufsbezeichnung lautet \u201eNotar\u201c und wurde in der Bundesrepublik Deutschland verliehen. Aufsichtsbeh\u00f6rde der Notare ist der Pr\u00e4sident des Landgericht Frankfurt am Main erreichbar unter folgender Anschrift: Landgericht Frankfurt am Main &#8211; Der Pr\u00e4sident &#8211; Gerichtsstra\u00dfe 2, D-60313 Frankfurt am Main, Deutschland Weitere Aufsichtsbeh\u00f6rden sind der Pr\u00e4sident des Oberlandesgerichts Frankfurt am Main und die Landesjustizverwaltung. Es gelten folgende berufsrechtliche Regelungen:Anwaltliches Standesrecht sowie f\u00fcr den Notar das notarielle Standesrecht. Rechtsanwalt:BRAO \u00a0\u00a0\u00a0\u00a0\u00a0\u00a0\u00a0\u00a0\u00a0\u00a0\u00a0 BundesrechtsanwaltsordnungBORA \u00a0\u00a0\u00a0\u00a0\u00a0\u00a0\u00a0\u00a0\u00a0\u00a0\u00a0 Berufsordnung f\u00fcr Rechtsanw\u00e4lteFAO \u00a0\u00a0\u00a0\u00a0\u00a0\u00a0\u00a0\u00a0\u00a0\u00a0\u00a0\u00a0\u00a0\u00a0 FachanwaltsordnungRVG \u00a0\u00a0\u00a0\u00a0\u00a0\u00a0\u00a0\u00a0\u00a0\u00a0\u00a0\u00a0\u00a0 Rechtsanwaltsverg\u00fctungsgesetzCCBE \u00a0\u00a0\u00a0\u00a0\u00a0\u00a0\u00a0\u00a0\u00a0\u00a0\u00a0 Berufsregeln der Rechtsanw\u00e4lte der Europ\u00e4ischen Union Notar:BNotO \u00a0\u00a0\u00a0\u00a0\u00a0\u00a0\u00a0\u00a0\u00a0\u00a0 BundesnotarordnungDONot \u00a0\u00a0\u00a0\u00a0\u00a0\u00a0\u00a0\u00a0\u00a0\u00a0 Dienstordnung f\u00fcr Notarinnen und NotareRichtlinien der Notarkammer Frankfurt am MainBeurkG \u00a0\u00a0\u00a0\u00a0\u00a0\u00a0\u00a0\u00a0\u00a0 BeurkundungsgesetzEurop\u00e4ischer Kodex [&hellip;]<\/p>\n","protected":false},"author":2,"featured_media":0,"parent":0,"menu_order":0,"comment_status":"closed","ping_status":"closed","template":"","meta":{"_et_pb_use_builder":"on","_et_pb_old_content":"<!-- wp:divi\/placeholder \/-->","_et_gb_content_width":"","footnotes":""},"class_list":["post-22","page","type-page","status-publish","hentry"],"yoast_head":"<!-- This site is optimized with the Yoast SEO plugin v26.0 - https:\/\/yoast.com\/wordpress\/plugins\/seo\/ -->\n<title>Impressum - Stephan Gemmer<\/title>\n<meta name=\"robots\" content=\"index, follow, max-snippet:-1, max-image-preview:large, max-video-preview:-1\" \/>\n<link rel=\"canonical\" href=\"https:\/\/kanzlei-sge.de\/index.php\/impressum\/\" \/>\n<meta property=\"og:locale\" content=\"de_DE\" \/>\n<meta property=\"og:type\" content=\"article\" \/>\n<meta property=\"og:title\" content=\"Impressum - Stephan Gemmer\" \/>\n<meta property=\"og:description\" content=\"ImpressumAktualisiert: 20. Februar 2025Angaben nach dem Telemediengesetz Verantwortlich: Stephan Gemmer, Notar &amp; Rechtsanwalt Adresse und TelekommunikationsdatenHansaallee 154, D-60320 Frankfurt am Main Telefon: +49 69 5600 5530Telefax: +49 69 5600 55323E-Mail: mail@kanzlei-sge.de Umsatzsteuer-IDDE343820896 BerufsbezeichnungStephan Gemmer, Notar &amp; Rechtsanwalt Zulassung und zust\u00e4ndige KammerIch bin in der Bundesrepublik Deutschland als Rechtsanwalt zugelassen und geh\u00f6re der Rechtsanwaltskammer Frankfurt am Main, Bockenheimer Anlage 36, D-60322 Frankfurt am Main an. Ich bin als Notar nach dem Recht der Bundesrepublik Deutschland bestellt worden und geh\u00f6re der Notarkammer Frankfurt am Main, Bockenheimer Anlage 36, D-60322 Frankfurt am Main, Tel.: 069 17009802, Fax: 069 17009825, an. Die gesetzliche Berufsbezeichnung lautet \u201eNotar\u201c und wurde in der Bundesrepublik Deutschland verliehen. Aufsichtsbeh\u00f6rde der Notare ist der Pr\u00e4sident des Landgericht Frankfurt am Main erreichbar unter folgender Anschrift: Landgericht Frankfurt am Main - Der Pr\u00e4sident - Gerichtsstra\u00dfe 2, D-60313 Frankfurt am Main, Deutschland Weitere Aufsichtsbeh\u00f6rden sind der Pr\u00e4sident des Oberlandesgerichts Frankfurt am Main und die Landesjustizverwaltung. Es gelten folgende berufsrechtliche Regelungen:Anwaltliches Standesrecht sowie f\u00fcr den Notar das notarielle Standesrecht. Rechtsanwalt:BRAO \u00a0\u00a0\u00a0\u00a0\u00a0\u00a0\u00a0\u00a0\u00a0\u00a0\u00a0 BundesrechtsanwaltsordnungBORA \u00a0\u00a0\u00a0\u00a0\u00a0\u00a0\u00a0\u00a0\u00a0\u00a0\u00a0 Berufsordnung f\u00fcr Rechtsanw\u00e4lteFAO \u00a0\u00a0\u00a0\u00a0\u00a0\u00a0\u00a0\u00a0\u00a0\u00a0\u00a0\u00a0\u00a0\u00a0 FachanwaltsordnungRVG \u00a0\u00a0\u00a0\u00a0\u00a0\u00a0\u00a0\u00a0\u00a0\u00a0\u00a0\u00a0\u00a0 Rechtsanwaltsverg\u00fctungsgesetzCCBE \u00a0\u00a0\u00a0\u00a0\u00a0\u00a0\u00a0\u00a0\u00a0\u00a0\u00a0 Berufsregeln der Rechtsanw\u00e4lte der Europ\u00e4ischen Union Notar:BNotO \u00a0\u00a0\u00a0\u00a0\u00a0\u00a0\u00a0\u00a0\u00a0\u00a0 BundesnotarordnungDONot \u00a0\u00a0\u00a0\u00a0\u00a0\u00a0\u00a0\u00a0\u00a0\u00a0 Dienstordnung f\u00fcr Notarinnen und NotareRichtlinien der Notarkammer Frankfurt am MainBeurkG \u00a0\u00a0\u00a0\u00a0\u00a0\u00a0\u00a0\u00a0\u00a0 BeurkundungsgesetzEurop\u00e4ischer Kodex [&hellip;]\" \/>\n<meta property=\"og:url\" content=\"https:\/\/kanzlei-sge.de\/index.php\/impressum\/\" \/>\n<meta property=\"og:site_name\" content=\"Stephan Gemmer\" \/>\n<meta property=\"article:modified_time\" content=\"2025-02-27T11:45:42+00:00\" \/>\n<meta name=\"twitter:card\" content=\"summary_large_image\" \/>\n<meta name=\"twitter:label1\" content=\"Gesch\u00e4tzte Lesezeit\" \/>\n\t<meta name=\"twitter:data1\" content=\"3\u00a0Minuten\" \/>\n<script type=\"application\/ld+json\" class=\"yoast-schema-graph\">{\"@context\":\"https:\/\/schema.org\",\"@graph\":[{\"@type\":\"WebPage\",\"@id\":\"https:\/\/kanzlei-sge.de\/index.php\/impressum\/\",\"url\":\"https:\/\/kanzlei-sge.de\/index.php\/impressum\/\",\"name\":\"Impressum - Stephan Gemmer\",\"isPartOf\":{\"@id\":\"https:\/\/kanzlei-sge.de\/#website\"},\"datePublished\":\"2025-01-21T08:49:47+00:00\",\"dateModified\":\"2025-02-27T11:45:42+00:00\",\"breadcrumb\":{\"@id\":\"https:\/\/kanzlei-sge.de\/index.php\/impressum\/#breadcrumb\"},\"inLanguage\":\"de\",\"potentialAction\":[{\"@type\":\"ReadAction\",\"target\":[\"https:\/\/kanzlei-sge.de\/index.php\/impressum\/\"]}]},{\"@type\":\"BreadcrumbList\",\"@id\":\"https:\/\/kanzlei-sge.de\/index.php\/impressum\/#breadcrumb\",\"itemListElement\":[{\"@type\":\"ListItem\",\"position\":1,\"name\":\"Startseite\",\"item\":\"https:\/\/kanzlei-sge.de\/\"},{\"@type\":\"ListItem\",\"position\":2,\"name\":\"Impressum\"}]},{\"@type\":\"WebSite\",\"@id\":\"https:\/\/kanzlei-sge.de\/#website\",\"url\":\"https:\/\/kanzlei-sge.de\/\",\"name\":\"Stephan Gemmer\",\"description\":\"Notar &amp; Rechtsanwalt Fachanwalt f\u00fcr Familienrecht\",\"potentialAction\":[{\"@type\":\"SearchAction\",\"target\":{\"@type\":\"EntryPoint\",\"urlTemplate\":\"https:\/\/kanzlei-sge.de\/?s={search_term_string}\"},\"query-input\":{\"@type\":\"PropertyValueSpecification\",\"valueRequired\":true,\"valueName\":\"search_term_string\"}}],\"inLanguage\":\"de\"}]}<\/script>\n<!-- \/ Yoast SEO plugin. -->","yoast_head_json":{"title":"Impressum - Stephan Gemmer","robots":{"index":"index","follow":"follow","max-snippet":"max-snippet:-1","max-image-preview":"max-image-preview:large","max-video-preview":"max-video-preview:-1"},"canonical":"https:\/\/kanzlei-sge.de\/index.php\/impressum\/","og_locale":"de_DE","og_type":"article","og_title":"Impressum - Stephan Gemmer","og_description":"ImpressumAktualisiert: 20. Februar 2025Angaben nach dem Telemediengesetz Verantwortlich: Stephan Gemmer, Notar &amp; Rechtsanwalt Adresse und TelekommunikationsdatenHansaallee 154, D-60320 Frankfurt am Main Telefon: +49 69 5600 5530Telefax: +49 69 5600 55323E-Mail: mail@kanzlei-sge.de Umsatzsteuer-IDDE343820896 BerufsbezeichnungStephan Gemmer, Notar &amp; Rechtsanwalt Zulassung und zust\u00e4ndige KammerIch bin in der Bundesrepublik Deutschland als Rechtsanwalt zugelassen und geh\u00f6re der Rechtsanwaltskammer Frankfurt am Main, Bockenheimer Anlage 36, D-60322 Frankfurt am Main an. Ich bin als Notar nach dem Recht der Bundesrepublik Deutschland bestellt worden und geh\u00f6re der Notarkammer Frankfurt am Main, Bockenheimer Anlage 36, D-60322 Frankfurt am Main, Tel.: 069 17009802, Fax: 069 17009825, an. Die gesetzliche Berufsbezeichnung lautet \u201eNotar\u201c und wurde in der Bundesrepublik Deutschland verliehen. Aufsichtsbeh\u00f6rde der Notare ist der Pr\u00e4sident des Landgericht Frankfurt am Main erreichbar unter folgender Anschrift: Landgericht Frankfurt am Main - Der Pr\u00e4sident - Gerichtsstra\u00dfe 2, D-60313 Frankfurt am Main, Deutschland Weitere Aufsichtsbeh\u00f6rden sind der Pr\u00e4sident des Oberlandesgerichts Frankfurt am Main und die Landesjustizverwaltung. Es gelten folgende berufsrechtliche Regelungen:Anwaltliches Standesrecht sowie f\u00fcr den Notar das notarielle Standesrecht. Rechtsanwalt:BRAO \u00a0\u00a0\u00a0\u00a0\u00a0\u00a0\u00a0\u00a0\u00a0\u00a0\u00a0 BundesrechtsanwaltsordnungBORA \u00a0\u00a0\u00a0\u00a0\u00a0\u00a0\u00a0\u00a0\u00a0\u00a0\u00a0 Berufsordnung f\u00fcr Rechtsanw\u00e4lteFAO \u00a0\u00a0\u00a0\u00a0\u00a0\u00a0\u00a0\u00a0\u00a0\u00a0\u00a0\u00a0\u00a0\u00a0 FachanwaltsordnungRVG \u00a0\u00a0\u00a0\u00a0\u00a0\u00a0\u00a0\u00a0\u00a0\u00a0\u00a0\u00a0\u00a0 Rechtsanwaltsverg\u00fctungsgesetzCCBE \u00a0\u00a0\u00a0\u00a0\u00a0\u00a0\u00a0\u00a0\u00a0\u00a0\u00a0 Berufsregeln der Rechtsanw\u00e4lte der Europ\u00e4ischen Union Notar:BNotO \u00a0\u00a0\u00a0\u00a0\u00a0\u00a0\u00a0\u00a0\u00a0\u00a0 BundesnotarordnungDONot \u00a0\u00a0\u00a0\u00a0\u00a0\u00a0\u00a0\u00a0\u00a0\u00a0 Dienstordnung f\u00fcr Notarinnen und NotareRichtlinien der Notarkammer Frankfurt am MainBeurkG \u00a0\u00a0\u00a0\u00a0\u00a0\u00a0\u00a0\u00a0\u00a0 BeurkundungsgesetzEurop\u00e4ischer Kodex [&hellip;]","og_url":"https:\/\/kanzlei-sge.de\/index.php\/impressum\/","og_site_name":"Stephan Gemmer","article_modified_time":"2025-02-27T11:45:42+00:00","twitter_card":"summary_large_image","twitter_misc":{"Gesch\u00e4tzte Lesezeit":"3\u00a0Minuten"},"schema":{"@context":"https:\/\/schema.org","@graph":[{"@type":"WebPage","@id":"https:\/\/kanzlei-sge.de\/index.php\/impressum\/","url":"https:\/\/kanzlei-sge.de\/index.php\/impressum\/","name":"Impressum - Stephan Gemmer","isPartOf":{"@id":"https:\/\/kanzlei-sge.de\/#website"},"datePublished":"2025-01-21T08:49:47+00:00","dateModified":"2025-02-27T11:45:42+00:00","breadcrumb":{"@id":"https:\/\/kanzlei-sge.de\/index.php\/impressum\/#breadcrumb"},"inLanguage":"de","potentialAction":[{"@type":"ReadAction","target":["https:\/\/kanzlei-sge.de\/index.php\/impressum\/"]}]},{"@type":"BreadcrumbList","@id":"https:\/\/kanzlei-sge.de\/index.php\/impressum\/#breadcrumb","itemListElement":[{"@type":"ListItem","position":1,"name":"Startseite","item":"https:\/\/kanzlei-sge.de\/"},{"@type":"ListItem","position":2,"name":"Impressum"}]},{"@type":"WebSite","@id":"https:\/\/kanzlei-sge.de\/#website","url":"https:\/\/kanzlei-sge.de\/","name":"Stephan Gemmer","description":"Notar &amp; Rechtsanwalt Fachanwalt f\u00fcr Familienrecht","potentialAction":[{"@type":"SearchAction","target":{"@type":"EntryPoint","urlTemplate":"https:\/\/kanzlei-sge.de\/?s={search_term_string}"},"query-input":{"@type":"PropertyValueSpecification","valueRequired":true,"valueName":"search_term_string"}}],"inLanguage":"de"}]}},"_links":{"self":[{"href":"https:\/\/kanzlei-sge.de\/index.php\/wp-json\/wp\/v2\/pages\/22","targetHints":{"allow":["GET"]}}],"collection":[{"href":"https:\/\/kanzlei-sge.de\/index.php\/wp-json\/wp\/v2\/pages"}],"about":[{"href":"https:\/\/kanzlei-sge.de\/index.php\/wp-json\/wp\/v2\/types\/page"}],"author":[{"embeddable":true,"href":"https:\/\/kanzlei-sge.de\/index.php\/wp-json\/wp\/v2\/users\/2"}],"replies":[{"embeddable":true,"href":"https:\/\/kanzlei-sge.de\/index.php\/wp-json\/wp\/v2\/comments?post=22"}],"version-history":[{"count":4,"href":"https:\/\/kanzlei-sge.de\/index.php\/wp-json\/wp\/v2\/pages\/22\/revisions"}],"predecessor-version":[{"id":404,"href":"https:\/\/kanzlei-sge.de\/index.php\/wp-json\/wp\/v2\/pages\/22\/revisions\/404"}],"wp:attachment":[{"href":"https:\/\/kanzlei-sge.de\/index.php\/wp-json\/wp\/v2\/media?parent=22"}],"curies":[{"name":"wp","href":"https:\/\/api.w.org\/{rel}","templated":true}]}}